{"id":7654,"date":"2024-09-19T15:31:23","date_gmt":"2024-09-19T15:31:23","guid":{"rendered":"https:\/\/studiolegalealbania.com\/?page_id=7654"},"modified":"2025-02-21T09:50:43","modified_gmt":"2025-02-21T09:50:43","slug":"chi-siamo","status":"publish","type":"page","link":"https:\/\/studiolegalealbania.com\/sq\/chi-siamo\/","title":{"rendered":"Kush Jemi Ne"},"content":{"rendered":"<div data-elementor-type=\"wp-page\" data-elementor-id=\"7654\" class=\"elementor elementor-7654\" data-elementor-post-type=\"page\">\n\t\t\t\t<div class=\"elementor-element elementor-element-35d3b73e e-con-full e-flex e-con e-parent\" data-id=\"35d3b73e\" data-element_type=\"container\">\n\t\t\t\t<div class=\"elementor-element elementor-element-7bf9bbb6 elementor-drop-cap-yes elementor-widget-laptop__width-initial elementor-drop-cap-view-default elementor-widget elementor-widget-text-editor\" data-id=\"7bf9bbb6\" data-element_type=\"widget\" data-settings=\"{&quot;drop_cap&quot;:&quot;yes&quot;}\" data-widget_type=\"text-editor.default\">\n\t\t\t\t<div class=\"elementor-widget-container\">\n\t\t\t\t\t\t\t\t\t<p><span style=\"text-align: var(--text-align);\"><img decoding=\"async\" src=\"https:\/\/studiolegalealbania.com\/wp-content\/uploads\/2024\/09\/IMG_6477-300x236.jpg\" alt=\"\" width=\"153\" height=\"121\"><\/span><\/p>\n<p data-start=\"235\" data-end=\"280\"><strong data-start=\"235\" data-end=\"280\">Studio Legale Albania- Av. Denisa Dedej<\/strong><\/p>\n<p data-start=\"103\" data-end=\"634\" class=\" translation-block\">Studio Legale Albania \u00ebsht\u00eb krijuar nga Av. Denisa Dedej, nj\u00eb profesioniste me nj\u00eb eksperienc\u00eb t\u00eb konsoliduar si n\u00eb Itali, ashtu edhe n\u00eb Shqip\u00ebri, fal\u00eb diplom\u00ebs s\u00eb saj t\u00eb nivelit t\u00eb dyt\u00eb n\u00eb  Jurisprudenc\u00eb nga Universiteti i Studimeve t\u00eb Parm\u00ebs. P\u00ebrgatitja e saj akademike dhe praktike n\u00eb drejt\u00ebsin\u00eb nd\u00ebrkomb\u00ebtare dhe juridiksionet e ndryshme e bashkangjitur me certifikimin si DPO (Oficer i Mbrojtjes s\u00eb T\u00eb Dh\u00ebnave) n\u00eb Itali, i mund\u00ebson asaj t\u00eb p\u00ebrballet me sfidat ligjore, p\u00ebrfshir\u00eb ato t\u00eb lidhura me mbrojtjen e t\u00eb dh\u00ebnave personale, me nj\u00eb qasje praktike dhe t\u00eb personalizuar.<\/p>\n<p data-start=\"636\" data-end=\"678\"><strong data-start=\"636\" data-end=\"678\">Formimi dhe P\u00ebrvoja Nd\u00ebrkomb\u00ebtare<\/strong><\/p>\n<p data-start=\"680\" data-end=\"1380\">Av. Denisa Dedej ka fituar njohuri t\u00eb thella mbi legjislacionin italian, shqiptar dhe nd\u00ebrkomb\u00ebtar p\u00ebrmes p\u00ebrvoj\u00ebs s\u00eb saj profesionale n\u00eb studiot ligjore nd\u00ebrkomb\u00ebtare, duke ofruar k\u00ebshillim p\u00ebr klient\u00eb italian\u00eb dhe nd\u00ebrkomb\u00ebtar\u00eb. Dy shtet\u00ebsit\u00eb e saj, shqiptare dhe italiane, i mund\u00ebsojn\u00eb asaj t\u00eb punoj\u00eb me nj\u00eb kuptim t\u00eb plot\u00eb t\u00eb nevojave ligjore t\u00eb bizneseve dhe individ\u00ebve q\u00eb d\u00ebshirojn\u00eb t\u00eb zgjerohen ose t\u00eb zgjidhin mosmarr\u00ebveshje n\u00eb Shqip\u00ebri. Pjes\u00ebrisht, ajo \u00ebsht\u00eb e specializuar n\u00eb GDPR (Rregullorja e Mbrojtjes s\u00eb t\u00eb Dh\u00ebnave Personale) dhe mban rolin e DPO (P\u00ebrgjegj\u00ebs p\u00ebr Mbrojtjen e t\u00eb Dh\u00ebnave).&nbsp;<span style=\"text-align: var(--text-align);\">&nbsp;(Data Protection Officer )<\/span><span style=\"text-align: var(--text-align);\">&nbsp;Certifikimi i saj e mund\u00ebson t\u00eb ofroj\u00eb zgjidhje t\u00eb avancuara p\u00ebr t\u00eb garantuar p\u00ebrputhshm\u00ebrin\u00eb me legjislacionin mbi privat\u00ebsin\u00eb dhe mbrojtjen e t\u00eb dh\u00ebnave n\u00eb t\u00eb dy vendet.<\/span><\/p>\n<p data-start=\"1243\" data-end=\"1262\"><strong data-start=\"1243\" data-end=\"1262\">Sh\u00ebrbimet e Ofruara<\/strong><\/p>\n<ul data-start=\"101\" data-end=\"1126\">\n<li data-start=\"101\" data-end=\"509\">\n<p data-start=\"103\" data-end=\"509\"><strong data-start=\"103\" data-end=\"149\">P\u00ebrputhshm\u00ebria me GDPR dhe roli i DPO i certifikuar<\/strong>Ofrimi i k\u00ebshillimit t\u00eb avancuar mbi mbrojtjen e t\u00eb dh\u00ebnave personale, duke mb\u00ebshtetur kompanit\u00eb p\u00ebr t\u00eb garantuar p\u00ebrputhshm\u00ebrin\u00eb e plot\u00eb me GDPR. Me certifikimin si DPO (P\u00ebrgjegj\u00ebs p\u00ebr Mbrojtjen e t\u00eb Dh\u00ebnave) n\u00eb Itali, ne ofrojm\u00eb asistenc\u00eb p\u00ebr menaxhimin e procedurave t\u00eb mbrojtjes s\u00eb t\u00eb dh\u00ebnave, duke p\u00ebrfshir\u00eb auditime, hartimin e dokumentacionit t\u00eb nevojsh\u00ebm, implementimin e politikave t\u00eb brendshme dhe trajnimin e stafit.<\/p>\n<\/li>\n<li data-start=\"511\" data-end=\"732\">\n<p data-start=\"513\" data-end=\"732\"><strong data-start=\"513\" data-end=\"564\">Konsulenc\u00eb n\u00eb t\u00eb Drejt\u00ebn e Korporatave<\/strong>P\u00ebrgatitja, negociata dhe menaxhimi i kontratave komerciale, si dhe konsulenc\u00eb n\u00eb fush\u00ebn e t\u00eb drejt\u00ebs s\u00eb korporatave p\u00ebr t\u00eb garantuar p\u00ebrputhshm\u00ebrin\u00eb me ligjet shqiptare dhe ato nd\u00ebrkomb\u00ebtare.<\/p>\n<\/li>\n<li data-start=\"734\" data-end=\"968\">\n<p data-start=\"736\" data-end=\"968\"><strong data-start=\"736\" data-end=\"795\">Konsulenc\u00eb ligjore p\u00ebr bizneset italiane dhe nd\u00ebrkomb\u00ebtare<\/strong>: Supporto nella creazione e gestione di entit\u00e0 giuridiche in Albania, inclusi tutti gli aspetti legali e fiscali relativi all&#8217;avvio e alla gestione di attivit\u00e0 commerciali.<\/p>\n<\/li>\n<li data-start=\"970\" data-end=\"1126\">\n<p data-start=\"972\" data-end=\"1126\"><strong data-start=\"972\" data-end=\"1005\">Asistenc\u00eb ligjore p\u00ebr individ\u00eb<\/strong>Sh\u00ebrbime k\u00ebshillimi n\u00eb t\u00eb drejt\u00ebn civile, p\u00ebr t\u00eb zgjidhur n\u00eb m\u00ebnyr\u00eb efektive \u00e7\u00ebshtjet ligjore.<\/p>\n<\/li>\n<\/ul>\n<p data-start=\"2001\" data-end=\"2031\"><strong data-start=\"2001\" data-end=\"2031\">Klienti n\u00eb Fokus<\/strong><\/p>\n<p data-start=\"2033\" data-end=\"2380\">Studio jon\u00eb punon ngusht\u00eb me secilin klient p\u00ebr t\u00eb kuptuar nevojat e tij specifike ligjore dhe p\u00ebr respektimin e rregullave t\u00eb GDPR \/ DPO, duke ofruar zgjidhje konkrete dhe t\u00eb personalizuara. Q\u00ebllimi yn\u00eb \u00ebsht\u00eb t\u00eb nd\u00ebrtojm\u00eb nj\u00eb marr\u00ebdh\u00ebnie besimi afatgjat\u00eb, duke garantuar sh\u00ebrbime q\u00eb tejkalojn\u00eb pritshm\u00ebrit\u00eb.<\/p>\n<p data-start=\"2382\" data-end=\"2405\"><strong data-start=\"2382\" data-end=\"2405\">Vlerat e Studio Legale Albania<\/strong><\/p>\n<ul data-start=\"2407\" data-end=\"2908\">\n<li data-start=\"2407\" data-end=\"2583\"><strong data-start=\"2409\" data-end=\"2432\">Formimi i vazhduesh\u00ebm<\/strong>Ne investojm\u00eb vazhdimisht n\u00eb p\u00ebrdit\u00ebsimin profesional p\u00ebr t\u00eb mbajtur ritmin me zhvillimet e legjislacionit italian, shqiptar dhe nd\u00ebrkomb\u00ebtar.<\/li>\n<li data-start=\"2584\" data-end=\"2732\"><strong data-start=\"2586\" data-end=\"2612\">P\u00ebrgjegj\u00ebsia sociale<\/strong>Ne besojm\u00eb n\u00eb r\u00ebnd\u00ebsin\u00eb e dh\u00ebnies s\u00eb nj\u00eb kontributi pozitiv p\u00ebr komunitetin p\u00ebrmes praktikave ligjore etike dhe t\u00eb q\u00ebndrueshme.<\/li>\n<li data-start=\"2733\" data-end=\"2908\"><strong data-start=\"2735\" data-end=\"2753\">Bashk\u00ebpunimi<\/strong>Ne angazhohemi t\u00eb punojm\u00eb s\u00eb bashku me klient\u00ebt tan\u00eb p\u00ebr t\u00eb arritur rezultatet m\u00eb t\u00eb mira, duke siguruar nj\u00eb komunikim t\u00eb hapur dhe nj\u00eb sh\u00ebrbim t\u00eb p\u00ebrsosur. Gjithashtu, bashk\u00ebpunojm\u00eb me disa studio ligjore italiane p\u00ebr t\u00eb ofruar nj\u00eb k\u00ebshillim t\u00eb integruar dhe me cil\u00ebsi t\u00eb lart\u00eb, duke p\u00ebrmbushur nevojat ligjore si n\u00eb Itali ashtu edhe n\u00eb Shqip\u00ebri.<\/li>\n<\/ul>\t\t\t\t\t\t\t\t<\/div>\n\t\t\t\t<\/div>\n\t\t\t\t<\/div>\n\t\t\t\t<\/div>","protected":false},"excerpt":{"rendered":"<p>Studio Legale Albania &#8211; Avv. Denisa Dedej Lo Studio Legale Albania \u00e8 stato fondato dall&#8217;Avv. Denisa Dedej, un professionista con un&#8217;esperienza consolidata sia in Italia che in Albania, grazie alla sua laurea magistrale in Giurisprudenza presso l&#8217;Universit\u00e0 degli Studi di Parma. La sua preparazione accademica e pratica in diritto internazionale e delle diverse giurisdizioni, unita [&hellip;]<\/p>","protected":false},"author":2,"featured_media":6912,"parent":0,"menu_order":0,"comment_status":"closed","ping_status":"closed","template":"elementor_header_footer","meta":{"footnotes":""},"class_list":["post-7654","page","type-page","status-publish","has-post-thumbnail","hentry"],"_links":{"self":[{"href":"https:\/\/studiolegalealbania.com\/sq\/wp-json\/wp\/v2\/pages\/7654","targetHints":{"allow":["GET"]}}],"collection":[{"href":"https:\/\/studiolegalealbania.com\/sq\/wp-json\/wp\/v2\/pages"}],"about":[{"href":"https:\/\/studiolegalealbania.com\/sq\/wp-json\/wp\/v2\/types\/page"}],"author":[{"embeddable":true,"href":"https:\/\/studiolegalealbania.com\/sq\/wp-json\/wp\/v2\/users\/2"}],"replies":[{"embeddable":true,"href":"https:\/\/studiolegalealbania.com\/sq\/wp-json\/wp\/v2\/comments?post=7654"}],"version-history":[{"count":49,"href":"https:\/\/studiolegalealbania.com\/sq\/wp-json\/wp\/v2\/pages\/7654\/revisions"}],"predecessor-version":[{"id":8314,"href":"https:\/\/studiolegalealbania.com\/sq\/wp-json\/wp\/v2\/pages\/7654\/revisions\/8314"}],"wp:featuredmedia":[{"embeddable":true,"href":"https:\/\/studiolegalealbania.com\/sq\/wp-json\/wp\/v2\/media\/6912"}],"wp:attachment":[{"href":"https:\/\/studiolegalealbania.com\/sq\/wp-json\/wp\/v2\/media?parent=7654"}],"curies":[{"name":"wp","href":"https:\/\/api.w.org\/{rel}","templated":true}]}}